{"id":418,"date":"2025-01-14T08:44:40","date_gmt":"2025-01-14T08:44:40","guid":{"rendered":"https:\/\/demo042.bkns.biz\/wordpress\/?page_id=418"},"modified":"2025-01-15T03:54:20","modified_gmt":"2025-01-15T03:54:20","slug":"ve-chung-toi","status":"publish","type":"page","link":"https:\/\/demo042.bkns.biz\/wordpress\/ve-chung-toi\/","title":{"rendered":"V\u1ec1 ch\u00fang t\u00f4i"},"content":{"rendered":"\n\t<section class=\"section\" id=\"section_806989297\">\n\t\t<div class=\"section-bg fill\" >\n\t\t\t\t\t\t\t\t\t\n\t\t\t\n\n\t\t<\/div>\n\n\t\t\n\n\t\t<div class=\"section-content relative\">\n\t\t\t\n\n  <div class=\"banner has-hover\" id=\"banner-1506192794\">\n          <div class=\"banner-inner fill\">\n        <div class=\"banner-bg fill\" >\n            <img loading=\"lazy\" decoding=\"async\" width=\"1919\" height=\"489\" src=\"https:\/\/demo042.bkns.biz\/wordpress\/wp-content\/uploads\/2025\/01\/bg_breadcrumb-1.webp\" class=\"bg attachment-original size-original\" alt=\"\" \/>                                    \n                    <\/div>\n\t\t\n        <div class=\"banner-layers container\">\n            <div class=\"fill banner-link\"><\/div>            \n   <div id=\"text-box-846470805\" class=\"text-box banner-layer x50 md-x50 lg-x50 y50 md-y50 lg-y50 res-text\">\n                                <div class=\"text-box-content text dark\">\n              \n              <div class=\"text-inner text-center\">\n                  \n<p><span style=\"font-size: 200%;\"><strong>V\u1ec1 ch\u00fang t\u00f4i<\/strong><\/span><\/p>\n<p><span style=\"font-size: 180%;\">Trang ch\u1ee7 \/ <span style=\"color: #ff6600;\">V\u1ec1 ch\u00fang t\u00f4i<\/span><\/span><\/p>\n              <\/div>\n           <\/div>\n                            \n<style>\n#text-box-846470805 {\n  width: 60%;\n}\n#text-box-846470805 .text-box-content {\n  font-size: 100%;\n}\n<\/style>\n    <\/div>\n \n        <\/div>\n      <\/div>\n\n            \n<style>\n#banner-1506192794 {\n  padding-top: 500px;\n}\n<\/style>\n  <\/div>\n\n\n\t\t<\/div>\n\n\t\t\n<style>\n#section_806989297 {\n  padding-top: 0px;\n  padding-bottom: 0px;\n}\n<\/style>\n\t<\/section>\n\t\n\n\t<section class=\"section\" id=\"section_928345427\">\n\t\t<div class=\"section-bg fill\" >\n\t\t\t\t\t\t\t\t\t\n\t\t\t\n\n\t\t<\/div>\n\n\t\t\n\n\t\t<div class=\"section-content relative\">\n\t\t\t\n\t<div id=\"text-1813070224\" class=\"text\">\n\t\t\n<p><span style=\"font-size: 150%;\"><strong>V\u1ec1 ch\u00fang t\u00f4i<\/strong><\/span><\/p>\n\t\t\n<style>\n#text-1813070224 {\n  text-align: center;\n}\n<\/style>\n\t<\/div>\n\t\n<div class=\"row\"  id=\"row-991621687\">\n\n\t<div id=\"col-359564550\" class=\"col small-12 large-12\"  >\n\t\t\t\t<div class=\"col-inner\" style=\"background-color:rgb(255, 255, 255);\" >\n\t\t\t\n\t\t\t\n<p>Avex Construction l\u00e0 m\u1ed9t nh\u00e0 cung c\u1ea5p chuy\u00ean nghi\u1ec7p, ch\u00fang t\u00f4i xem m\u1ee5c \u0111\u00edch \u0111\u00e1p \u1ee9ng nhu c\u1ea7u kh\u00e1ch h\u00e0ng l\u00e0 nguy\u00ean t\u1eafc ch\u00ednh v\u00e0 kim ch\u1ec9 nam trong ho\u1ea1t \u0111\u1ed9ng kinh doanh c\u1ee7a m\u00ecnh. V\u00ec v\u1eady ch\u00fang t\u00f4i li\u00ean t\u1ee5c t\u00ecm ki\u1ebfm c\u00e1c nh\u00e0 cung c\u1ea5p n\u1ed5i ti\u1ebfng uy t\u00edn tr\u00ean to\u00e0n th\u1ebf gi\u1edbi \u0111\u1ec3 cung c\u1ea5p cho kh\u00e1ch h\u00e0ng c\u00e1c s\u1ea3n ph\u1ea9m t\u1ed1t nh\u1ea5t.<\/p>\n<p>C\u00f4ng ty ch\u00fang t\u00f4i c\u00f3 \u0111\u1ea7y \u0111\u1ee7 m\u00e1y m\u00f3c thi\u1ebft b\u1ecb v\u00e0 d\u00e2y chuy\u1ec1n c\u00f4ng ngh\u1ec7 t\u00e2n ti\u1ebfn, \u0111\u1ea3m b\u1ea3o ch\u1ea5t l\u01b0\u1ee3ng theo ti\u00eau chu\u1ea9n qu\u1ed1c t\u1ebf, qu\u1ea3n l\u00fd ch\u1eb7t ch\u1ebd t\u1eeb nguy\u00ean li\u1ec7u \u0111\u1ea7u v\u00e0o cho \u0111\u1ebfn s\u1ea3n ph\u1ea9m \u0111\u1ea7u ra trong m\u1ed9t quy tr\u00ecnh quy m\u00f4 v\u00e0 kh\u00e9p k\u00edn. B\u1eb1ng nh\u1eefng n\u1ed7 l\u1ef1c \u0111\u00f3, ch\u00fang t\u00f4i \u0111\u00e3 \u0111\u01b0\u1ee3c t\u1eadp \u0111o\u00e0n TuvNord ki\u1ec3m \u0111\u1ecbnh v\u00e0 c\u1ea5p ch\u1ee9ng ch\u1ec9 ISO 9001 : 2015 v\u1ec1 h\u1ec7 th\u1ed1ng qu\u1ea3n l\u00fd ch\u1ea5t l\u01b0\u1ee3ng v\u00e0 ISO 14000 : 2015 v\u1ec1 m\u00f4i tr\u01b0\u1eddng.<\/p>\n<p>Avex Construction \u0111ang s\u1ea3n xu\u1ea5t c\u00e1c lo\u1ea1i d\u1ee5ng c\u1ee5 c\u1ea7m tay ch\u1ea5t l\u01b0\u1ee3ng cao nh\u01b0 k\u00ecm c\u1eaft, k\u00ecm \u0111i\u1ec7n, k\u00ecm m\u0169i d\u00e0i xu\u1ea5t kh\u1ea9u sang th\u1ecb tr\u01b0\u1eddng ch\u00e2u M\u1ef9 v\u00e0 Ch\u00e2u \u00c2u. V\u1edbi mong mu\u1ed1n \u0111em \u0111\u1ebfn cho ng\u01b0\u1eddi ti\u00eau d\u00f9ng s\u1ea3n ph\u1ea9m Made in Vietnam nh\u01b0ng ch\u1ea5t l\u01b0\u1ee3ng \u0110\u1ee9c. Ch\u00fang t\u00f4i \u0111\u00e3 \u0111\u1ea7u t\u01b0 d\u00e2y chuy\u1ec1n m\u00e1y m\u00f3c thi\u1ebft b\u1ecb s\u1ea3n xu\u1ea5t v\u00e0 ki\u1ec3m tra hi\u1ec7n \u0111\u1ea1i theo c\u00f4ng ngh\u1ec7 c\u1ee7a c\u1ed9ng ho\u00e0 li\u00ean bang \u0110\u1ee9c. S\u1ea3n ph\u1ea9m k\u00ecm mang th\u01b0\u01a1ng hi\u1ec7u EMC c\u00f3 tu\u1ed5i th\u1ecd cao, m\u1eabu m\u00e3 \u0111\u1eb9p ch\u1eafc ch\u1eafn s\u1ebd l\u00e0m h\u00e0i l\u00f2ng t\u1ea5t c\u1ea3 nh\u1eefng ai s\u1eed d\u1ee5ng. L\u00e0 Ng\u01b0\u1eddi Vi\u1ec7t nam h\u00e3y tin t\u01b0\u1edfng v\u00e0 \u1ee7ng h\u1ed9 h\u00e0ng VI\u1ec6T NAM CH\u1ea4T L\u01af\u1ee2NG CAO c\u00e1c b\u1ea1n nh\u00e9.<\/p>\n\t\t<\/div>\n\t\t\t\t\n<style>\n#col-359564550 > .col-inner {\n  padding: 16px 16px 16px 16px;\n  border-radius: 16px;\n}\n<\/style>\n\t<\/div>\n\n\t\n<\/div>\n\t\t<\/div>\n\n\t\t\n<style>\n#section_928345427 {\n  padding-top: 30px;\n  padding-bottom: 30px;\n  background-color: rgb(243, 243, 243);\n}\n<\/style>\n\t<\/section>\n\t\n","protected":false},"excerpt":{"rendered":"","protected":false},"author":1,"featured_media":0,"parent":0,"menu_order":0,"comment_status":"closed","ping_status":"closed","template":"page-blank.php","meta":{"footnotes":""},"class_list":["post-418","page","type-page","status-publish","hentry"],"_links":{"self":[{"href":"https:\/\/demo042.bkns.biz\/wordpress\/wp-json\/wp\/v2\/pages\/418","targetHints":{"allow":["GET"]}}],"collection":[{"href":"https:\/\/demo042.bkns.biz\/wordpress\/wp-json\/wp\/v2\/pages"}],"about":[{"href":"https:\/\/demo042.bkns.biz\/wordpress\/wp-json\/wp\/v2\/types\/page"}],"author":[{"embeddable":true,"href":"https:\/\/demo042.bkns.biz\/wordpress\/wp-json\/wp\/v2\/users\/1"}],"replies":[{"embeddable":true,"href":"https:\/\/demo042.bkns.biz\/wordpress\/wp-json\/wp\/v2\/comments?post=418"}],"version-history":[{"count":10,"href":"https:\/\/demo042.bkns.biz\/wordpress\/wp-json\/wp\/v2\/pages\/418\/revisions"}],"predecessor-version":[{"id":439,"href":"https:\/\/demo042.bkns.biz\/wordpress\/wp-json\/wp\/v2\/pages\/418\/revisions\/439"}],"wp:attachment":[{"href":"https:\/\/demo042.bkns.biz\/wordpress\/wp-json\/wp\/v2\/media?parent=418"}],"curies":[{"name":"wp","href":"https:\/\/api.w.org\/{rel}","templated":true}]}}