{"id":364,"date":"2025-01-13T06:26:57","date_gmt":"2025-01-13T06:26:57","guid":{"rendered":"https:\/\/demo042.bkns.biz\/wordpress\/product\/can-ho-cao-cap-alpha-hill-copy-2\/"},"modified":"2025-01-16T03:31:45","modified_gmt":"2025-01-16T03:31:45","slug":"can-ho-cao-cap-alpha-hill-copy-2","status":"publish","type":"product","link":"https:\/\/demo042.bkns.biz\/wordpress\/product\/can-ho-cao-cap-alpha-hill-copy-2\/","title":{"rendered":"C\u0103n h\u1ed9 cao c\u1ea5p Alpha Hill Copy"},"content":{"rendered":"<div class=\"product-tab\">\n<div class=\"product-tab__content\">\n<div id=\"tab-1\" class=\"tab-content active\">\n<div class=\"rte\">\n<p>L\u1ea7n \u0111\u1ea7u ti\u00ean t\u1ea1i Vi\u1ec7t Nam, m\u1ed9t khu bi\u1ec7t th\u1ef1 s\u1edf h\u1eefu nh\u1eefng c\u0103n h\u1ed9 bi\u1ebfn h\u00ecnh v\u1edbi ti\u00eau chu\u1ea9n qu\u1ed1c t\u1ebf. Theo \u0111\u00f3, ch\u1ee7 nh\u00e2n c\u0103n h\u1ed9 ch\u1ec9 c\u1ea7n v\u00e0i thao t\u00e1c \u0111i\u1ec1u khi\u1ec3n \u0111\u01a1n gi\u1ea3n l\u00e0 kh\u00f4ng gian s\u1ed1ng \u0111\u01b0\u1ee3c chuy\u1ec3n \u0111\u1ed5i linh ho\u1ea1t gi\u1eefa c\u00e1c t\u00ednh n\u0103ng sinh s\u1ed1ng, l\u00e0m vi\u1ec7c v\u00e0 gi\u1ea3i tr\u00ed.<\/p>\n<p>Alpha Hill \u2013 T\u00f2a nh\u00e0 bi\u1ec3u t\u01b0\u1ee3ng trong trung t\u00e2m th\u00e0nh ph\u1ed1, \u201ct\u1ea1o th\u00eam\u201d th\u1eddi gian cho cu\u1ed9c s\u1ed1ng c\u1ee7a b\u1ea1n: Th\u00eam th\u1eddi gian ngh\u1ec9 ng\u01a1i, th\u00eam th\u1eddi gian luy\u1ec7n t\u1eadp, th\u00eam th\u1eddi gian d\u00e0nh cho b\u1ea1n b\u00e8 v\u00e0 gia \u0111\u00ecnh.<\/p>\n<p>Alpha Hill h\u1ed9i t\u1ee5 \u0111\u1ea7y \u0111\u1ee7 nh\u1eefng y\u1ebfu t\u1ed1 cho m\u1ed9t cu\u1ed9c s\u1ed1ng \u0111\u1eb3ng c\u1ea5p ngay gi\u1eefa \u201ctr\u00e1i tim\u201d th\u00e0nh ph\u1ed1, cung c\u1ea5p h\u01a1n 53 ti\u1ec7n \u00edch n\u1ed9i khu \u0111\u1ed9c \u0111\u00e1o ti\u00eau chu\u1ea9n 5 sao nh\u01b0:<\/p>\n<p>D\u1ecbch v\u1ee5 kh\u00e1ch h\u00e0ng: \u1ea8m th\u1ef1c \u0103n u\u1ed1ng (\u0111\u1eb7t b\u00e0n v\u00e0 v\u1eadn chuy\u1ec3n), \u0111\u1eb7t v\u00e9 m\u00e1y bay, s\u1eafp x\u1ebfp chuy\u1ebfn du l\u1ecbch, ch\u0103m s\u00f3c y t\u1ebf trong to\u00e0n nh\u00e0, d\u1ecbch v\u1ee5 chuy\u1ec3n ph\u00e1t nhanh.<br \/>\nD\u1ecbch v\u1ee5 b\u1ea3o tr\u00ec nh\u00e0: S\u1eeda ch\u1eefa v\u00e0 b\u1ea3o tr\u00ec, d\u1ecbch v\u1ee5 d\u1ecdn ph\u00f2ng d\u00e0i h\u1ea1n, d\u1ecbch v\u1ee5 cho thu\u00ea v\u00e0 ch\u0103m s\u00f3c c\u00e2y xanh, d\u1ecbch v\u1ee5 trang tr\u00ed nh\u00e0 c\u1eeda.<br \/>\nD\u1ecbch v\u1ee5 h\u1ed7 tr\u1ee3 du l\u1ecbch qu\u1ed1c t\u1ebf: H\u1ed7 tr\u1ee3 l\u00ean k\u1ebf ho\u1ea1ch cho c\u00e1c chuy\u1ebfn du l\u1ecbch<br \/>\nD\u1ecbch v\u1ee5 h\u00e0ng ng\u00e0y: D\u1ecbch v\u1ee5 tr\u00f4ng tr\u1ebb, d\u1ecbch v\u1ee5 \u0111\u1eadu xe \u2013 r\u1eeda xe.<br \/>\nGi\u1ea3i tr\u00ed: D\u1ecbch v\u1ee5 t\u1ed5 ch\u1ee9c ti\u1ec7c, t\u1ed5 ch\u1ee9c ho\u1ea1t \u0111\u1ed9ng nh\u00f3m \u0111\u1ecbnh k\u1ef3.<br \/>\nQu\u1ea3n l\u00fd t\u00e0i s\u1ea3n: D\u1ecbch v\u1ee5 b\u00e1n l\u1ea1i, cho thu\u00ea v\u00e0 ki\u1ec3m tra<br \/>\nTrung t\u00e2m th\u01b0\u01a1ng m\u1ea1i Alpha Mall<br \/>\nD\u1ecbch v\u1ee5 VIP s\u00e2n bay<br \/>\nPh\u00f2ng t\u1eadp th\u1ec3 thao<br \/>\nB\u1ec3 b\u01a1i<\/p>\n<\/div>\n<\/div>\n<div id=\"tab-2\" class=\"tab-content\">\n<div class=\"rte\">\n<div id=\"sapo-product-reviews\" class=\"sapo-product-reviews\" data-id=\"26590038\"><\/div>\n<\/div>\n<\/div>\n<div id=\"tab-3\" class=\"tab-content\">\n<div class=\"rte\">\n<div class=\"alert alert-warning\" role=\"alert\"><\/div>\n<\/div>\n<\/div>\n<div id=\"tab-4\" class=\"tab-content\">\n<div class=\"rte\">\n<div class=\"alert alert-warning\" role=\"alert\"><\/div>\n<\/div>\n<\/div>\n<div id=\"tab-99\" class=\"tab-content content_extab\">\n<div class=\"rte\">\n<div class=\"alert alert-warning\" role=\"alert\"><\/div>\n<\/div>\n<\/div>\n<\/div>\n<\/div>\n<div class=\"product-relate\"><\/div>\n","protected":false},"excerpt":{"rendered":"<div class=\"product-details__productInfor inventory_quantity\">\n<div class=\"product-sku circle\">M\u00e3 s\u1ea3n ph\u1ea9m:\u00a0<strong class=\"variant-sku\">\u0110ang c\u1eadp nh\u1eadt<\/strong><\/div>\n<div class=\"product-vendor circle\">Th\u01b0\u01a1ng hi\u1ec7u:\u00a0<strong>B\u00ecnh Minh<\/strong><\/div>\n<div class=\"product-tag circle\">Th\u1eddi gian b\u1ea3o h\u00e0nh:\u00a0<strong>\u0110ang c\u1eadp nh\u1eadt<\/strong><\/div>\n<\/div>\n<div class=\"product-details__productSummary\">\n<div class=\"rte\"><\/div>\n<\/div>\n<div class=\"product-details__priceBox\">\n<div class=\"special-price\">Li\u00ean h\u1ec7<\/div>\n<\/div>\n<form id=\"add-to-cart-form\" class=\"product-details__productForm\" action=\"https:\/\/template-avex-construction.mysapo.net\/cart\/add\" enctype=\"multipart\/form-data\" method=\"post\" data-cart-form=\"\"><\/form>\n<div class=\"product-contact\">\n<div class=\"product-contact__item\">H\u1ed7 tr\u1ee3 tr\u1ef1c tuy\u1ebfn t\u1ed1t nh\u1ea5t:\u00a0<a href=\"tel:19006750\">19006750<\/a><\/div>\n<div class=\"product-contact__item\">C\u1ea7n t\u01b0 v\u1ea5n:\u00a0<a class=\"phone_tuvan\" title=\"S\u1ed1 \u0111i\u1ec7n tho\u1ea1i t\u01b0 v\u1ea5n\" href=\"tel:19006750\">T\u1ea1i \u0111\u00e2y<\/a><\/div>\n<div class=\"product-contact__item\">Gi\u1edd l\u00e0m vi\u1ec7c:\u00a0<strong>9h00 \u0111\u1ebfn 21h00 c\u00e1c ng\u00e0y trong tu\u1ea7n<\/strong><\/div>\n<\/div>\n","protected":false},"featured_media":357,"comment_status":"open","ping_status":"closed","template":"","meta":[],"product_cat":[15,69,71,70],"product_tag":[],"class_list":{"0":"post-364","1":"product","2":"type-product","3":"status-publish","4":"has-post-thumbnail","6":"product_cat-uncategorized","7":"product_cat-du-an","8":"product_cat-san-pham-hot","9":"product_cat-san-pham-noi-bat","11":"first","12":"instock","13":"shipping-taxable","14":"product-type-simple"},"_links":{"self":[{"href":"https:\/\/demo042.bkns.biz\/wordpress\/wp-json\/wp\/v2\/product\/364","targetHints":{"allow":["GET"]}}],"collection":[{"href":"https:\/\/demo042.bkns.biz\/wordpress\/wp-json\/wp\/v2\/product"}],"about":[{"href":"https:\/\/demo042.bkns.biz\/wordpress\/wp-json\/wp\/v2\/types\/product"}],"replies":[{"embeddable":true,"href":"https:\/\/demo042.bkns.biz\/wordpress\/wp-json\/wp\/v2\/comments?post=364"}],"wp:featuredmedia":[{"embeddable":true,"href":"https:\/\/demo042.bkns.biz\/wordpress\/wp-json\/wp\/v2\/media\/357"}],"wp:attachment":[{"href":"https:\/\/demo042.bkns.biz\/wordpress\/wp-json\/wp\/v2\/media?parent=364"}],"wp:term":[{"taxonomy":"product_cat","embeddable":true,"href":"https:\/\/demo042.bkns.biz\/wordpress\/wp-json\/wp\/v2\/product_cat?post=364"},{"taxonomy":"product_tag","embeddable":true,"href":"https:\/\/demo042.bkns.biz\/wordpress\/wp-json\/wp\/v2\/product_tag?post=364"}],"curies":[{"name":"wp","href":"https:\/\/api.w.org\/{rel}","templated":true}]}}