{"id":389,"date":"2025-01-13T07:58:52","date_gmt":"2025-01-13T07:58:52","guid":{"rendered":"https:\/\/demo042.bkns.biz\/wordpress\/product\/may-khoan-pin-18v-dewalt-dcd796m2-copy-copy\/"},"modified":"2025-01-15T03:37:46","modified_gmt":"2025-01-15T03:37:46","slug":"may-khoan-pin-18v-dewalt-dcd796m2-copy-copy","status":"publish","type":"product","link":"https:\/\/demo042.bkns.biz\/wordpress\/product\/may-khoan-pin-18v-dewalt-dcd796m2-copy-copy\/","title":{"rendered":"M\u00e1y khoan pin 18V Dewalt DCD796M2 Copy Copy"},"content":{"rendered":"<p>Dewalt l\u00e0 m\u1ed9t th\u01b0\u01a1ng hi\u1ec7u d\u1ee5ng c\u1ee5 \u0111i\u1ec7n c\u1ea7m tay n\u1ed5i ti\u1ebfng \u0111\u1ebfn t\u1eeb M\u1ef9, v\u1edbi \u1ee9ng d\u1ee5ng c\u00f4ng ngh\u1ec7 cao Dewalt cho ra m\u1eaft d\u00f2ng s\u1ea3n ph\u1ea9m M\u00e1y khoan pin Dewalt DCD796M2 18V v\u00f4 c\u00f9ng ti\u1ec7n \u00edch. B\u1ea1n c\u00f3 th\u1ec3 th\u1ef1c hi\u1ec7n c\u00f4ng vi\u1ec7c khoan hay b\u1eaft v\u00edt tr\u00ean c\u00e1c ch\u1ea5t li\u1ec7u nh\u01b0 g\u1ed7, t\u01b0\u1eddng ho\u1eb7c kim lo\u1ea1i nhanh ch\u00f3ng d\u1ec5 d\u00e0ng.<\/p>\n<p><img loading=\"lazy\" decoding=\"async\" src=\"https:\/\/salt.tikicdn.com\/ts\/tmp\/79\/1b\/5e\/1c65b6b3698ca901634bb06ee0c8d789.jpg\" alt=\"\" width=\"700\" height=\"700\" \/><\/p>\n<h2>Nh\u1eefng \u01b0u \u0111i\u1ec3m c\u1ee7a M\u00e1y khoan pin Dewalt DCD796M2 18V<\/h2>\n<p>\u0110\u1ed1i v\u1edbi c\u00e1c lo\u1ea1i m\u00e1y khoan ch\u1ea1y pin, s\u1ef1 h\u1eefu d\u1ee5ng c\u1ee7a ch\u00fang \u0111\u01b0\u1ee3c th\u1ec3 hi\u1ec7n n\u1ed5i b\u1eadt nh\u1ea5t trong c\u00e1c tr\u01b0\u1eddng h\u1ee3p g\u1eb7p s\u1ef1 c\u1ed1 m\u1ea5t \u0111i\u1ec7n \u0111\u1ed9t ng\u1ed9t ho\u1eb7c l\u00e0 kh\u00f4ng l\u00e0m vi\u1ec7c \u1edf kh\u00f4ng gian c\u00f3 ngu\u1ed3n \u0111i\u1ec7n, m\u00f4i tr\u01b0\u1eddng \u1ea9m \u01b0\u1edbt e ng\u1ea1i s\u1eed d\u1ee5ng d\u00e2y d\u1eabn \u0111i\u1ec7n.<\/p>\n<p>Tuy ngu\u1ed3n n\u0103ng l\u01b0\u1ee3ng tr\u1ef1c ti\u1ebfp \u0111\u1ebfn t\u1eeb \u0111i\u1ec7n th\u1ebf pin 18V nh\u01b0ng M\u00e1y khoan v\u1eb7n v\u00edt \u0111\u1ed9ng l\u1ef1c pin Dewalt DCD796M2 l\u1ea1i h\u1ecdat \u0111\u1ed9ng kh\u00e1 \u1ed5n \u0111\u1ecbnh v\u1edbi t\u1ed1c \u0111\u1ed9 kh\u00f4ng t\u1ea3i l\u00ean \u0111\u1ebfn 2.000 v\u00f2ng\/ ph\u00fat cho ra kh\u1ea3 n\u0103ng khoan tr\u00ean c\u00e1c ch\u1ea5t li\u1ec7u kh\u00e1c nhau. T\u1ea5t c\u1ea3 nh\u1eefng m\u0169i khoan m\u00e0 m\u00e1y \u0111em l\u1ea1i \u0111\u1ec1u c\u00f3 \u0111\u1ed9 ch\u00ednh x\u00e1c v\u00e0 th\u1ea9m m\u0129 cao, \u0111\u00e1p \u1ee9ng \u0111\u01b0\u1ee3c nh\u1eefng y\u00eau c\u1ea7u kh\u1eafc khe nh\u1ea5t v\u1ec1 ch\u1ea5t l\u01b0\u1ee3ng.<\/p>\n<p>S\u1ea3n ph\u1ea9m t\u00edch h\u1ee3p ch\u1ee9c n\u0103ng b\u1ea3o v\u1ec7 pin ch\u1ed1ng x\u1ea3 c\u1ea1n, ch\u1ed1ng l\u1ea1i t\u00e1c \u0111\u1ed9ng qu\u00e1 nhi\u1ec7t v\u00e0 qu\u1ea3 t\u1ea3i cho \u0111\u1ed9 b\u1ec1n cho s\u1ea3n ph\u1ea9m l\u00e2u. S\u1ea3n ph\u1ea9m h\u1ed7 tr\u1ee3 c\u00f4ng vi\u1ec7c b\u1eaft v\u00edt nh\u1edd h\u1ec7 th\u1ed1ng \u0111\u1ea3o chi\u1ec1u ti\u1ec7n d\u1ee5ng ngo\u00e0i ra c\u00f3 nhi\u1ec1u t\u1ed1c \u0111\u1ed9 cho b\u1ea1n l\u1ef1a ch\u1ecdn<\/p>\n<p><img loading=\"lazy\" decoding=\"async\" src=\"https:\/\/salt.tikicdn.com\/ts\/tmp\/32\/04\/a3\/ebd582adeb5a9277afe5dfb804c8aee4.jpg\" alt=\"\" width=\"750\" height=\"490\" \/><\/p>\n<h2>\u1ee8ng d\u1ee5ng\u00a0M\u00e1y khoan pin Dewalt DCD796M2 18V<\/h2>\n<p>H\u00e3y b\u1ecf t\u00fai ngay d\u00f2ng s\u1ea3n ph\u1ea9m v\u00f4 c\u00f9ng ti\u1ec7n \u00edch n\u00e0y cho gia \u0111\u00ecnh hay c\u00e1c c\u00f4ng vi\u1ec7c b\u1eaft v\u00edt \u1edf tr\u00ean cao c\u00e1c g\u00f3c h\u1eb9p. S\u00e1ng ch\u1ebf ra d\u00f2ng s\u1ea3n ph\u1ea9m n\u00e0y ch\u00ednh l\u00e0 m\u1ed9t b\u01b0\u1edbc ti\u1ebfn n\u1ed5i b\u1eadt c\u1ee7a Dewalt trong ng\u00e0nh c\u00f4ng nghi\u1ec7p d\u1ee5ng c\u1ee5 c\u1ea7m tay chuy\u00ean nghi\u1ec7p nh\u1ea5t.<\/p>\n<p><strong>TH\u00d4NG S\u1ed0 K\u1ef8 THU\u1eacT:<\/strong><\/p>\n<p>\u0110i\u1ec7n th\u1ebf pin 18V,<\/p>\n<p>Kh\u1ea3 n\u0103ng khoan th\u00e9p 13mm, khoan g\u1ed7 40mm, khoan t\u01b0\u1eddng 13mm,<\/p>\n<p>T\u1ed1c \u0111\u1ed9 kh\u00f4ng t\u1ea3i 0-2.000 v\/p,<\/p>\n<p>Tr\u1ecdng l\u01b0\u1ee3ng 1.8kg.<\/p>\n<p>S\u1ea3n ph\u1ea9m g\u1ed3m 2 pin 4.0ah + 1 s\u1ea1c<\/p>\n<p>Gi\u00e1 s\u1ea3n ph\u1ea9m tr\u00ean Tiki \u0111\u00e3 bao g\u1ed3m thu\u1ebf theo lu\u1eadt hi\u1ec7n h\u00e0nh. Tuy nhi\u00ean tu\u1ef3 v\u00e0o t\u1eebng lo\u1ea1i s\u1ea3n ph\u1ea9m ho\u1eb7c ph\u01b0\u01a1ng th\u1ee9c, \u0111\u1ecba ch\u1ec9 giao h\u00e0ng m\u00e0 c\u00f3 th\u1ec3 ph\u00e1t sinh th\u00eam chi ph\u00ed kh\u00e1c nh\u01b0 ph\u00ed v\u1eadn chuy\u1ec3n, ph\u1ee5 ph\u00ed h\u00e0ng c\u1ed3ng k\u1ec1nh, &#8230;<\/p>\n","protected":false},"excerpt":{"rendered":"<p>Dewalt l\u00e0 m\u1ed9t th\u01b0\u01a1ng hi\u1ec7u d\u1ee5ng c\u1ee5 \u0111i\u1ec7n c\u1ea7m tay n\u1ed5i ti\u1ebfng \u0111\u1ebfn t\u1eeb M\u1ef9, v\u1edbi \u1ee9ng d\u1ee5ng c\u00f4ng ngh\u1ec7 cao Dewalt cho ra m\u1eaft d\u00f2ng s\u1ea3n ph\u1ea9m M\u00e1y khoan pin Dewalt DCD796M2 18V v\u00f4 c\u00f9ng ti\u1ec7n \u00edch. B\u1ea1n c\u00f3 th\u1ec3 th\u1ef1c hi\u1ec7n c\u00f4ng vi\u1ec7c khoan hay b\u1eaft v\u00edt tr\u00ean c\u00e1c ch\u1ea5t li\u1ec7u nh\u01b0 g\u1ed7, [&#8230;]\n","protected":false},"featured_media":385,"comment_status":"open","ping_status":"closed","template":"","meta":[],"product_cat":[15,69],"product_tag":[],"class_list":{"0":"post-389","1":"product","2":"type-product","3":"status-publish","4":"has-post-thumbnail","6":"product_cat-uncategorized","7":"product_cat-du-an","9":"first","10":"instock","11":"sale","12":"shipping-taxable","13":"purchasable","14":"product-type-simple"},"_links":{"self":[{"href":"https:\/\/demo042.bkns.biz\/wordpress\/wp-json\/wp\/v2\/product\/389","targetHints":{"allow":["GET"]}}],"collection":[{"href":"https:\/\/demo042.bkns.biz\/wordpress\/wp-json\/wp\/v2\/product"}],"about":[{"href":"https:\/\/demo042.bkns.biz\/wordpress\/wp-json\/wp\/v2\/types\/product"}],"replies":[{"embeddable":true,"href":"https:\/\/demo042.bkns.biz\/wordpress\/wp-json\/wp\/v2\/comments?post=389"}],"wp:featuredmedia":[{"embeddable":true,"href":"https:\/\/demo042.bkns.biz\/wordpress\/wp-json\/wp\/v2\/media\/385"}],"wp:attachment":[{"href":"https:\/\/demo042.bkns.biz\/wordpress\/wp-json\/wp\/v2\/media?parent=389"}],"wp:term":[{"taxonomy":"product_cat","embeddable":true,"href":"https:\/\/demo042.bkns.biz\/wordpress\/wp-json\/wp\/v2\/product_cat?post=389"},{"taxonomy":"product_tag","embeddable":true,"href":"https:\/\/demo042.bkns.biz\/wordpress\/wp-json\/wp\/v2\/product_tag?post=389"}],"curies":[{"name":"wp","href":"https:\/\/api.w.org\/{rel}","templated":true}]}}